{"id":20,"date":"2023-12-04T05:34:32","date_gmt":"2023-12-04T05:34:32","guid":{"rendered":"https:\/\/consuldemocracy.org\/?page_id=20"},"modified":"2025-08-05T13:19:16","modified_gmt":"2025-08-05T13:19:16","slug":"features","status":"publish","type":"page","link":"https:\/\/consuldemocracy.org\/es\/features\/","title":{"rendered":"Funciones"},"content":{"rendered":"<div class=\"wp-block-group alignfull is-style-default has-custom-text-color has-custom-brown-light-background-color has-text-color has-background has-link-color wp-elements-f87c622b226ab5f33a73fad61f6af3da has-global-padding is-layout-constrained wp-container-core-group-is-layout-98d5452d wp-block-group-is-layout-constrained\" id=\"features\" style=\"margin-top:0;padding-top:var(--wp--preset--spacing--medium);padding-right:30px;padding-bottom:var(--wp--preset--spacing--medium);padding-left:30px\">\n<div class=\"wp-block-group is-layout-flow wp-container-core-group-is-layout-e904f650 wp-block-group-is-layout-flow\" style=\"padding-bottom:0\">\n<h2 class=\"wp-block-heading has-text-align-center has-custom-text-color has-text-color has-link-color has-max-48-font-size wp-elements-c5982b09115e49c5d84e359cdfe3e29e\" id=\"text-on-left-image-on-right\" style=\"font-style:normal;font-weight:900;letter-spacing:-1px\">Todo lo que necesitas para una participaci\u00f3n ciudadana significativa.<\/h2>\n<\/div>\n<\/div>\n\n\n\n<div class=\"wp-block-group alignfull has-global-padding is-layout-constrained wp-container-core-group-is-layout-f317f3da wp-block-group-is-layout-constrained\" id=\"features\" style=\"margin-top:0;padding-top:var(--wp--preset--spacing--x-small);padding-right:30px;padding-bottom:var(--wp--preset--spacing--x-small);padding-left:30px\">\n<div class=\"wp-block-columns are-vertically-aligned-center is-layout-flex wp-container-core-columns-is-layout-709abf65 wp-block-columns-is-layout-flex\" style=\"margin-top:0;margin-bottom:0\">\n<div class=\"wp-block-column is-vertically-aligned-center feature is-layout-flow wp-block-column-is-layout-flow\" style=\"border-style:none;border-width:0px\">\n<figure class=\"wp-block-image size-full is-style-default\"><img loading=\"lazy\" decoding=\"async\" width=\"800\" height=\"800\" src=\"https:\/\/consuldemocracy.org\/wp-content\/uploads\/consul_debates-2.png\" alt=\"\" class=\"wp-image-904\" srcset=\"https:\/\/consuldemocracy.org\/wp-content\/uploads\/consul_debates-2.png 800w, https:\/\/consuldemocracy.org\/wp-content\/uploads\/consul_debates-2-300x300.png 300w, https:\/\/consuldemocracy.org\/wp-content\/uploads\/consul_debates-2-150x150.png 150w, https:\/\/consuldemocracy.org\/wp-content\/uploads\/consul_debates-2-768x768.png 768w, https:\/\/consuldemocracy.org\/wp-content\/uploads\/consul_debates-2-12x12.png 12w\" sizes=\"auto, (max-width: 800px) 100vw, 800px\" \/><\/figure>\n<\/div>\n\n\n\n<div class=\"wp-block-column is-vertically-aligned-center is-layout-flow wp-block-column-is-layout-flow\">\n<h3 class=\"wp-block-heading has-x-large-font-size\" style=\"font-style:normal;font-weight:900\">Debates<\/h3>\n\n\n\n<p>Abre espacios de debate y discusi\u00f3n entre los ciudadanos, invitar a opinar y aportar ideas y allanar el camino para una toma de decisiones informada.&nbsp;<br><br><em>Mira lo que los habitantes de <a href=\"https:\/\/participemais.prefeitura.sp.gov.br\/legislation\/processes\/332\/debate#process-list\" target=\"_blank\" rel=\"noreferrer noopener\">S\u00e3o Paulo in Brasil<\/a> est\u00e1n debatiendo.<\/em><\/p>\n\n\n\n<div class=\"wp-block-buttons is-layout-flex wp-block-buttons-is-layout-flex\">\n<div class=\"wp-block-button is-style-outline is-style-outline--1\"><a class=\"wp-block-button__link wp-element-button\" href=\"https:\/\/docs.consuldemocracy.org\/docs_general\/participation-processes\/debates\" target=\"_blank\" rel=\"noreferrer noopener\">Manual del usuario de debates<\/a><\/div>\n<\/div>\n<\/div>\n<\/div>\n\n\n\n<div class=\"wp-block-columns is-style-columns-reverse is-layout-flex wp-container-core-columns-is-layout-333d7daa wp-block-columns-is-layout-flex\" style=\"margin-bottom:0\">\n<div class=\"wp-block-column is-vertically-aligned-center is-layout-flow wp-block-column-is-layout-flow\">\n<h3 class=\"wp-block-heading has-x-large-font-size\" style=\"font-style:normal;font-weight:900\">Propuestas ciudadanas<\/h3>\n\n\n\n<p>Invita a los ciudadanos a presentar propuestas para el pr\u00f3ximo plan estrat\u00e9gico de la ciudad o ciclo de elaboraci\u00f3n de pol\u00edticas, estimula el debate y ve cu\u00e1les reciben mayor apoyo.<\/p>\n\n\n\n<p><em>Mira lo que los habitantes de <a href=\"https:\/\/stimfanfryslan.frl\/budgets\/2\/investments?heading_id=2\" target=\"_blank\" rel=\"noreferrer noopener\">Frysl\u00e2n in the Netherlands<\/a> estan proponiendo para su provincia.<\/em><\/p>\n\n\n\n<div class=\"wp-block-buttons is-layout-flex wp-block-buttons-is-layout-flex\">\n<div class=\"wp-block-button is-style-outline is-style-outline--2\"><a class=\"wp-block-button__link wp-element-button\" href=\"https:\/\/docs.consuldemocracy.org\/docs_general\/participation-processes\/citizen-proposals\" target=\"_blank\" rel=\"noreferrer noopener\">Manual del usuario de propuestas<\/a><\/div>\n<\/div>\n<\/div>\n\n\n\n<div class=\"wp-block-column feature is-layout-flow wp-block-column-is-layout-flow\">\n<figure class=\"wp-block-image size-full\"><img loading=\"lazy\" decoding=\"async\" width=\"800\" height=\"800\" src=\"https:\/\/consuldemocracy.org\/wp-content\/uploads\/consul_proposals.png\" alt=\"\" class=\"wp-image-895\" srcset=\"https:\/\/consuldemocracy.org\/wp-content\/uploads\/consul_proposals.png 800w, https:\/\/consuldemocracy.org\/wp-content\/uploads\/consul_proposals-300x300.png 300w, https:\/\/consuldemocracy.org\/wp-content\/uploads\/consul_proposals-150x150.png 150w, https:\/\/consuldemocracy.org\/wp-content\/uploads\/consul_proposals-768x768.png 768w, https:\/\/consuldemocracy.org\/wp-content\/uploads\/consul_proposals-12x12.png 12w\" sizes=\"auto, (max-width: 800px) 100vw, 800px\" \/><\/figure>\n<\/div>\n<\/div>\n\n\n\n<div class=\"wp-block-columns is-layout-flex wp-container-core-columns-is-layout-499ce4d0 wp-block-columns-is-layout-flex\" style=\"margin-bottom:0;padding-top:0;padding-right:0;padding-bottom:0;padding-left:0\">\n<div class=\"wp-block-column is-layout-flow wp-block-column-is-layout-flow\">\n<figure class=\"wp-block-image size-full feature\"><img loading=\"lazy\" decoding=\"async\" width=\"800\" height=\"800\" src=\"https:\/\/consuldemocracy.org\/wp-content\/uploads\/consul_polls-1.png\" alt=\"\" class=\"wp-image-905\" srcset=\"https:\/\/consuldemocracy.org\/wp-content\/uploads\/consul_polls-1.png 800w, https:\/\/consuldemocracy.org\/wp-content\/uploads\/consul_polls-1-300x300.png 300w, https:\/\/consuldemocracy.org\/wp-content\/uploads\/consul_polls-1-150x150.png 150w, https:\/\/consuldemocracy.org\/wp-content\/uploads\/consul_polls-1-768x768.png 768w, https:\/\/consuldemocracy.org\/wp-content\/uploads\/consul_polls-1-12x12.png 12w\" sizes=\"auto, (max-width: 800px) 100vw, 800px\" \/><\/figure>\n<\/div>\n\n\n\n<div class=\"wp-block-column is-vertically-aligned-center is-layout-flow wp-block-column-is-layout-flow\">\n<h3 class=\"wp-block-heading has-x-large-font-size\" style=\"font-style:normal;font-weight:900\">Votaciones<\/h3>\n\n\n\n<p>\u00bfHa recogido con \u00e9xito propuestas o ideas? Concluya el proceso participativo sometiendo a votaci\u00f3n los temas m\u00e1s interesantes.<\/p>\n\n\n\n<p><em>Mira lo que los habitantes de <\/em><a href=\"https:\/\/bamberg-gestalten.de\/polls\/\" target=\"_blank\" rel=\"noreferrer noopener\">Bamberg en Alemania<\/a><em> estan votando.<\/em><\/p>\n\n\n\n<div class=\"wp-block-buttons is-layout-flex wp-block-buttons-is-layout-flex\">\n<div class=\"wp-block-button is-style-outline is-style-outline--3\"><a class=\"wp-block-button__link wp-element-button\" href=\"https:\/\/docs.consuldemocracy.org\/docs_general\/participation-processes\/voting\" target=\"_blank\" rel=\"noreferrer noopener\">Manual del usuario de votaciones<\/a><\/div>\n<\/div>\n<\/div>\n<\/div>\n\n\n\n<div class=\"wp-block-columns is-style-columns-reverse is-layout-flex wp-container-core-columns-is-layout-ef9db52a wp-block-columns-is-layout-flex\" style=\"margin-bottom:0;padding-top:0;padding-right:0;padding-bottom:0;padding-left:0\">\n<div class=\"wp-block-column is-vertically-aligned-center is-layout-flow wp-block-column-is-layout-flow\">\n<h3 class=\"wp-block-heading has-x-large-font-size\" style=\"font-style:normal;font-weight:900\">Presupuestos participativos<\/h3>\n\n\n\n<p>Crea un proceso democr\u00e1tico directo en torno al gasto (de una parte) del presupuesto del gobierno del pr\u00f3ximo a\u00f1o y gu\u00eda el proceso de forma transparente.<\/p>\n\n\n\n<p><em>Mira lo que los ciudadanos de <a href=\"https:\/\/decide.sanpedro.gob.mx\/presupuestos\" target=\"_blank\" rel=\"noreferrer noopener\">Madrid en Espa\u00f1a<\/a> creen en qu\u00e9 debe gastarse el presupuesto p\u00fablico.<\/em>&nbsp;<\/p>\n\n\n\n<div class=\"wp-block-buttons is-layout-flex wp-block-buttons-is-layout-flex\">\n<div class=\"wp-block-button is-style-outline is-style-outline--4\"><a class=\"wp-block-button__link wp-element-button\" href=\"https:\/\/docs.consuldemocracy.org\/docs_general\/participation-processes\/participatory-budgeting\">Manual del usuario de presupuestos<\/a><\/div>\n<\/div>\n<\/div>\n\n\n\n<div class=\"wp-block-column is-layout-flow wp-block-column-is-layout-flow\">\n<figure class=\"wp-block-image size-full feature\"><img loading=\"lazy\" decoding=\"async\" width=\"800\" height=\"800\" src=\"https:\/\/consuldemocracy.org\/wp-content\/uploads\/consul_budgets-1.png\" alt=\"\" class=\"wp-image-906\" srcset=\"https:\/\/consuldemocracy.org\/wp-content\/uploads\/consul_budgets-1.png 800w, https:\/\/consuldemocracy.org\/wp-content\/uploads\/consul_budgets-1-300x300.png 300w, https:\/\/consuldemocracy.org\/wp-content\/uploads\/consul_budgets-1-150x150.png 150w, https:\/\/consuldemocracy.org\/wp-content\/uploads\/consul_budgets-1-768x768.png 768w, https:\/\/consuldemocracy.org\/wp-content\/uploads\/consul_budgets-1-12x12.png 12w\" sizes=\"auto, (max-width: 800px) 100vw, 800px\" \/><\/figure>\n<\/div>\n<\/div>\n\n\n\n<div class=\"wp-block-columns is-layout-flex wp-container-core-columns-is-layout-4a3a20eb wp-block-columns-is-layout-flex\" style=\"margin-bottom:0;padding-top:0;padding-right:0;padding-bottom:0;padding-left:0\">\n<div class=\"wp-block-column feature is-layout-flow wp-block-column-is-layout-flow\">\n<figure class=\"wp-block-image size-full\"><img loading=\"lazy\" decoding=\"async\" width=\"800\" height=\"800\" src=\"https:\/\/consuldemocracy.org\/wp-content\/uploads\/consul_legislation-1.png\" alt=\"\" class=\"wp-image-907\" srcset=\"https:\/\/consuldemocracy.org\/wp-content\/uploads\/consul_legislation-1.png 800w, https:\/\/consuldemocracy.org\/wp-content\/uploads\/consul_legislation-1-300x300.png 300w, https:\/\/consuldemocracy.org\/wp-content\/uploads\/consul_legislation-1-150x150.png 150w, https:\/\/consuldemocracy.org\/wp-content\/uploads\/consul_legislation-1-768x768.png 768w, https:\/\/consuldemocracy.org\/wp-content\/uploads\/consul_legislation-1-12x12.png 12w\" sizes=\"auto, (max-width: 800px) 100vw, 800px\" \/><\/figure>\n<\/div>\n\n\n\n<div class=\"wp-block-column is-vertically-aligned-center is-layout-flow wp-block-column-is-layout-flow\">\n<h3 class=\"wp-block-heading has-x-large-font-size\" style=\"font-style:normal;font-weight:900\">Legislaci\u00f3n colaborativa<\/h3>\n\n\n\n<p>Capacita a los ciudadanos colaborando en la redacci\u00f3n de leyes, planes de proyectos o cualquier otro texto que afecte a sus vidas.<\/p>\n\n\n\n<p><em>Mira como la gente de <a href=\"https:\/\/glasgow.communitychoices.scot\/legislation\/processes?filter=past&amp;page=1\" target=\"_blank\" rel=\"noreferrer noopener\">Glasgow en Escocia<\/a> est\u00e1n dando forma a las pol\u00edticas de su ciudad.<\/em><\/p>\n\n\n\n<div class=\"wp-block-buttons is-layout-flex wp-block-buttons-is-layout-flex\">\n<div class=\"wp-block-button is-style-outline is-style-outline--5\"><a class=\"wp-block-button__link wp-element-button\" href=\"https:\/\/docs.consuldemocracy.org\/docs_general\/participation-processes\/collaborative-legislation\" target=\"_blank\" rel=\"noreferrer noopener\">Manual del usuario de legislaci\u00f3n<\/a><\/div>\n<\/div>\n<\/div>\n<\/div>\n\n\n\n<h2 class=\"wp-block-heading has-text-align-center has-custom-brand-blue-color has-text-color has-link-color wp-elements-dd3036c3f9717085f05f87fb8eef838f\">Funciones especiales<\/h2>\n\n\n\n<div class=\"wp-block-columns is-style-columns-reverse is-layout-flex wp-container-core-columns-is-layout-efadba48 wp-block-columns-is-layout-flex\" style=\"margin-top:0;margin-bottom:0;padding-top:0;padding-right:0;padding-bottom:0;padding-left:0\">\n<div class=\"wp-block-column special-feature is-layout-flow wp-block-column-is-layout-flow\">\n<figure class=\"wp-block-image size-full\"><img loading=\"lazy\" decoding=\"async\" width=\"800\" height=\"800\" src=\"https:\/\/consuldemocracy.org\/wp-content\/uploads\/consul_sdg_logo-1.png\" alt=\"\" class=\"wp-image-707\" srcset=\"https:\/\/consuldemocracy.org\/wp-content\/uploads\/consul_sdg_logo-1.png 800w, https:\/\/consuldemocracy.org\/wp-content\/uploads\/consul_sdg_logo-1-300x300.png 300w, https:\/\/consuldemocracy.org\/wp-content\/uploads\/consul_sdg_logo-1-150x150.png 150w, https:\/\/consuldemocracy.org\/wp-content\/uploads\/consul_sdg_logo-1-768x768.png 768w, https:\/\/consuldemocracy.org\/wp-content\/uploads\/consul_sdg_logo-1-12x12.png 12w\" sizes=\"auto, (max-width: 800px) 100vw, 800px\" \/><\/figure>\n<\/div>\n\n\n\n<div class=\"wp-block-column is-vertically-aligned-center is-layout-flow wp-block-column-is-layout-flow\">\n<h4 class=\"wp-block-heading has-large-font-size\" style=\"font-style:normal;font-weight:900\">Objetivos de Desarrollo Sostenible<\/h4>\n\n\n\n<p>De a los Objectivos de Desarrollo Sustenible un papel central en su proceso participativo utilizando <a href=\"https:\/\/demo.consuldemocracy.org\/sdg\/goals\" target=\"_blank\" rel=\"noreferrer noopener\">nuestro funcionalidad especial ODS.<\/a>.<\/p>\n\n\n\n<p class=\"has-x-small-font-size\"><em>Esta funci\u00f3n ha sido desarrollada por nuestra empresa certificada Enreda Cooperativa en colaboraci\u00f3n con el Programa de las Naciones Unidas para el Desarrollo (PNUD).<\/em>.<\/p>\n<\/div>\n<\/div>\n\n\n\n<div class=\"wp-block-columns is-layout-flex wp-container-core-columns-is-layout-499ce4d0 wp-block-columns-is-layout-flex\" style=\"margin-bottom:0;padding-top:0;padding-right:0;padding-bottom:0;padding-left:0\">\n<div class=\"wp-block-column special-feature is-layout-flow wp-block-column-is-layout-flow\">\n<figure class=\"wp-block-image size-full\"><img loading=\"lazy\" decoding=\"async\" width=\"2963\" height=\"2213\" src=\"https:\/\/consuldemocracy.org\/wp-content\/uploads\/consul_feature_multitenancy.png\" alt=\"\" class=\"wp-image-705\" srcset=\"https:\/\/consuldemocracy.org\/wp-content\/uploads\/consul_feature_multitenancy.png 2963w, https:\/\/consuldemocracy.org\/wp-content\/uploads\/consul_feature_multitenancy-300x224.png 300w, https:\/\/consuldemocracy.org\/wp-content\/uploads\/consul_feature_multitenancy-1024x765.png 1024w, https:\/\/consuldemocracy.org\/wp-content\/uploads\/consul_feature_multitenancy-768x574.png 768w, https:\/\/consuldemocracy.org\/wp-content\/uploads\/consul_feature_multitenancy-1536x1147.png 1536w, https:\/\/consuldemocracy.org\/wp-content\/uploads\/consul_feature_multitenancy-2048x1530.png 2048w, https:\/\/consuldemocracy.org\/wp-content\/uploads\/consul_feature_multitenancy-16x12.png 16w\" sizes=\"auto, (max-width: 2963px) 100vw, 2963px\" \/><\/figure>\n<\/div>\n\n\n\n<div class=\"wp-block-column is-vertically-aligned-center is-layout-flow wp-block-column-is-layout-flow\">\n<h4 class=\"wp-block-heading has-large-font-size\" style=\"font-style:normal;font-weight:900\">Multi-entidad<\/h4>\n\n\n\n<p>Create two or more separate participation platforms for different institutions using one single installation with the <a href=\"https:\/\/docs.consuldemocracy.org\/tech_docs\/features\/multitenancy\" target=\"_blank\" rel=\"noreferrer noopener\">funcionalidad Multi-entidad.<\/a>.<\/p>\n\n\n\n<p class=\"has-x-small-font-size\"><em><em>Esta funcionalidad ha sido desarrollada por nuestra Empresa Certificada Rock&amp;Ror en colaboraci\u00f3n con el Cabildo de Tenerife<\/em><\/em>.<\/p>\n<\/div>\n<\/div>\n<\/div>\n\n\n\n<p><\/p>","protected":false},"excerpt":{"rendered":"<p>Everything you need for meaningful citizen participation. Debates Open up spaces for debate and discussion among citizens, invite opinions and ideas and pave the way for informed decision-making.&nbsp; See what the inhabitants of S\u00e3o Paulo in Brasil are debating. Citizen proposals Invite citizen proposals for the next strategic city plan or policy-making cycle, stimulate debate [&hellip;]<\/p>\n","protected":false},"author":1,"featured_media":0,"parent":0,"menu_order":0,"comment_status":"closed","ping_status":"closed","template":"no-title","meta":{"_coblocks_attr":"","_coblocks_dimensions":"","_coblocks_responsive_height":"","_coblocks_accordion_ie_support":"","footnotes":""},"class_list":["post-20","page","type-page","status-publish","hentry"],"_links":{"self":[{"href":"https:\/\/consuldemocracy.org\/es\/wp-json\/wp\/v2\/pages\/20","targetHints":{"allow":["GET"]}}],"collection":[{"href":"https:\/\/consuldemocracy.org\/es\/wp-json\/wp\/v2\/pages"}],"about":[{"href":"https:\/\/consuldemocracy.org\/es\/wp-json\/wp\/v2\/types\/page"}],"author":[{"embeddable":true,"href":"https:\/\/consuldemocracy.org\/es\/wp-json\/wp\/v2\/users\/1"}],"replies":[{"embeddable":true,"href":"https:\/\/consuldemocracy.org\/es\/wp-json\/wp\/v2\/comments?post=20"}],"version-history":[{"count":64,"href":"https:\/\/consuldemocracy.org\/es\/wp-json\/wp\/v2\/pages\/20\/revisions"}],"predecessor-version":[{"id":1916,"href":"https:\/\/consuldemocracy.org\/es\/wp-json\/wp\/v2\/pages\/20\/revisions\/1916"}],"wp:attachment":[{"href":"https:\/\/consuldemocracy.org\/es\/wp-json\/wp\/v2\/media?parent=20"}],"curies":[{"name":"wp","href":"https:\/\/api.w.org\/{rel}","templated":true}]}}